{"id":172,"date":"2026-04-01T18:13:52","date_gmt":"2026-04-01T18:13:52","guid":{"rendered":"https:\/\/freilicht-nord.de\/?page_id=172"},"modified":"2026-04-02T10:50:39","modified_gmt":"2026-04-02T10:50:39","slug":"start","status":"publish","type":"page","link":"https:\/\/freilicht-nord.de\/","title":{"rendered":"Start"},"content":{"rendered":"\n<figure class=\"wp-block-gallery has-nested-images columns-default is-cropped wp-block-gallery-1 is-layout-flex wp-block-gallery-is-layout-flex\">\n<figure class=\"wp-block-image size-full\"><img loading=\"lazy\" decoding=\"async\" width=\"2480\" height=\"1754\" data-id=\"174\" src=\"https:\/\/freilicht-nord.de\/wp-content\/uploads\/2026\/04\/Kunst-und-Kulturgarten-freilicht.nord_final-3.jpg\" alt=\"\" class=\"wp-image-174\" srcset=\"https:\/\/freilicht-nord.de\/wp-content\/uploads\/2026\/04\/Kunst-und-Kulturgarten-freilicht.nord_final-3.jpg 2480w, https:\/\/freilicht-nord.de\/wp-content\/uploads\/2026\/04\/Kunst-und-Kulturgarten-freilicht.nord_final-3-300x212.jpg 300w, https:\/\/freilicht-nord.de\/wp-content\/uploads\/2026\/04\/Kunst-und-Kulturgarten-freilicht.nord_final-3-1024x724.jpg 1024w, https:\/\/freilicht-nord.de\/wp-content\/uploads\/2026\/04\/Kunst-und-Kulturgarten-freilicht.nord_final-3-768x543.jpg 768w, https:\/\/freilicht-nord.de\/wp-content\/uploads\/2026\/04\/Kunst-und-Kulturgarten-freilicht.nord_final-3-1536x1086.jpg 1536w, https:\/\/freilicht-nord.de\/wp-content\/uploads\/2026\/04\/Kunst-und-Kulturgarten-freilicht.nord_final-3-2048x1448.jpg 2048w\" sizes=\"auto, (max-width: 2480px) 100vw, 2480px\" \/><\/figure>\n<\/figure>\n\n\n\n<p class=\"has-text-align-left\">Der Kunst- und Kulturgarten freilicht.nord ist ein seit 2020 existierender <strong>Gemeinschaftsgarten in der N\u00e4he des Dortmunder Borsigplatzes<\/strong>, der aus der Initiative des angrenzenden Atelierhaus Alter Kiosk auf der <strong>Brachfl\u00e4che einer ehemaligen Kohlenhandlung<\/strong> entstanden ist. Seit 2024 sind Atelierhaus und Garten im gemeinn\u00fctzigen Verein <strong>freilicht.nord &amp; Atelierhaus Alter Kiosk e. V. <\/strong>zusammengeschlossen. Unsere Ziele sind die F\u00f6rderung von Kunst und Kultur, des Umweltschutzes, des interkulturellen Austauschs sowie des b\u00fcrgerschaftlichen Engagements und der Stadtentwicklung in unserem Viertel.<\/p>\n\n\n\n<p>Auf dem circa 500 m\u00b2 gro\u00dfen Gel\u00e4nde veranstalten wir <strong>Jahreszeiten-Feste, Konzerte, Kunstausstellungen und kreative Workshops. Au\u00dferdem G\u00e4rtnern wir und bauen im Freiland und im Gew\u00e4chshaus Gem\u00fcse an.<\/strong><\/p>\n\n\n\n<p class=\"has-text-align-left\">Damit Ihr einfach mal so vorbeikommen k\u00f6nnt seid Ihr <strong>im Rahmen der Offenen Sonntage jeden Sonntag von April bis September ab 13 Uhr herzlich eingeladen<\/strong> \u2026 zum Picknicken, Sonnen, Quatschen, Lesen, G\u00e4rtnern, zur Teilnahme an unseren Workshops oder wonach Euch sonst so der Sinn steht. Wir freuen uns auf Euren Besuch!<\/p>\n\n\n\n<p><strong>TERMINE &amp; VERANSTALTUNGEN: <\/strong><a href=\"https:\/\/latscher.in\/venues\/freilicht-nord\">https:\/\/latscher.in\/venues\/freilicht-nord<\/a><\/p>\n\n\n\n<p><strong>ADRESSE GARTEN:<\/strong> Bleichm\u00e4rsch 61, 44145 Dortmund<\/p>\n\n\n\n<p><strong>ADRESSE ATELIERHAUS: <\/strong>Oesterholzstra\u00dfe 6, 44145 Dortmund<\/p>\n\n\n\n<p><strong>ANREISE: <\/strong><a href=\"https:\/\/maps.app.goo.gl\/yMsRBt6jmzFw5CQZ8\">https:\/\/maps.app.goo.gl\/yMsRBt6jmzFw5CQZ8<\/a><\/p>\n\n\n\n<p><strong>KONTAKT:<\/strong> <a href=\"mailto:info@freilicht-nord.de\">info@freilicht-nord.de<\/a><\/p>\n\n\n\n<details class=\"wp-block-details is-layout-flow wp-block-details-is-layout-flow\"><summary><strong>HIER GEHT ES ZUM NEWSFEED<\/strong><\/summary>  <script>\n    window.addEventListener(\"load\", () => {\n      mastodonFeedLoad(\n        \"https:\/\/ruhr.social\/api\/v1\/accounts\/116302449849205582\/statuses\",\n        \"include-mastodon-feed-69dd9ddaa3543\",\n        {\n          linkTarget: \"_self\",\n          showPreviewCards: true,\n          excludeConversationStarters: false,\n          excludeTags: \"\",\n          content: {\n            hideStatusMeta: false,\n            hideDateTime: false          },\n          images: {\n            preserveImageAspectRatio: false,\n            size: \"preview\",\n            link: \"status\",\n          },\n          text: {\n            boosted: \"boosted \ud83d\ude80\",\n            noStatuses: \"No statuses available\",\n            viewOnInstance: \"view on instance\",\n            showContent: \"Show content\",\n            permalinkPre: \"on\",\n            permalinkPost: \"\",\n            edited: \"(edited)\",\n          },\n          localization: {\n            date: {\n              locale: \"en-US\",\n              options: {},\n            }\n          }\n        }\n      );\n    });\n  <\/script>\n  <div class=\"include-mastodon-feed-wrapper\"><ol class=\"include-mastodon-feed\" id=\"include-mastodon-feed-69dd9ddaa3543\"><li>Loading Mastodon feed...<\/li><\/ol><\/div>\n\n<\/details>\n","protected":false},"excerpt":{"rendered":"<p>Der Kunst- und Kulturgarten freilicht.nord ist ein seit 2020 existierender Gemeinschaftsgarten in der N\u00e4he des Dortmunder Borsigplatzes, der aus der Initiative des angrenzenden Atelierhaus Alter Kiosk auf der Brachfl\u00e4che einer ehemaligen Kohlenhandlung entstanden ist. Seit 2024 sind Atelierhaus und Garten im gemeinn\u00fctzigen Verein freilicht.nord &amp; Atelierhaus Alter Kiosk e. V. zusammengeschlossen. Unsere Ziele sind die [&hellip;]<\/p>\n","protected":false},"author":2,"featured_media":0,"parent":0,"menu_order":0,"comment_status":"closed","ping_status":"closed","template":"","meta":{"footnotes":""},"class_list":["post-172","page","type-page","status-publish","hentry"],"_links":{"self":[{"href":"https:\/\/freilicht-nord.de\/index.php\/wp-json\/wp\/v2\/pages\/172","targetHints":{"allow":["GET"]}}],"collection":[{"href":"https:\/\/freilicht-nord.de\/index.php\/wp-json\/wp\/v2\/pages"}],"about":[{"href":"https:\/\/freilicht-nord.de\/index.php\/wp-json\/wp\/v2\/types\/page"}],"author":[{"embeddable":true,"href":"https:\/\/freilicht-nord.de\/index.php\/wp-json\/wp\/v2\/users\/2"}],"replies":[{"embeddable":true,"href":"https:\/\/freilicht-nord.de\/index.php\/wp-json\/wp\/v2\/comments?post=172"}],"version-history":[{"count":24,"href":"https:\/\/freilicht-nord.de\/index.php\/wp-json\/wp\/v2\/pages\/172\/revisions"}],"predecessor-version":[{"id":232,"href":"https:\/\/freilicht-nord.de\/index.php\/wp-json\/wp\/v2\/pages\/172\/revisions\/232"}],"wp:attachment":[{"href":"https:\/\/freilicht-nord.de\/index.php\/wp-json\/wp\/v2\/media?parent=172"}],"curies":[{"name":"wp","href":"https:\/\/api.w.org\/{rel}","templated":true}]}}